{"id":1024,"date":"2023-09-20T13:47:07","date_gmt":"2023-09-20T11:47:07","guid":{"rendered":"http:\/\/www.fileurdeverre.fr\/?page_id=1024"},"modified":"2025-08-03T16:07:44","modified_gmt":"2025-08-03T14:07:44","slug":"latelier","status":"publish","type":"page","link":"http:\/\/www.fileurdeverre.fr\/?page_id=1024","title":{"rendered":"L&#8217;atelier"},"content":{"rendered":"\n<p class=\"has-text-align-center has-vivid-green-cyan-color has-black-background-color has-text-color has-background\">Guillaume produit des pi\u00e8ces sur demande dans son atelier de Vacqui\u00e8res.<\/p>\n\n\n\n<figure class=\"wp-block-gallery aligncenter has-nested-images columns-default is-cropped wp-block-gallery-1 is-layout-flex wp-block-gallery-is-layout-flex\">\n<figure class=\"wp-block-image size-large\"><a href=\"http:\/\/www.fileurdeverre.fr\/wp-content\/uploads\/2023\/09\/20210214_150528-scaled.jpg\" target=\"_blank\" rel=\" noreferrer noopener\"><img loading=\"lazy\" decoding=\"async\" width=\"1024\" height=\"872\" data-id=\"1117\" src=\"http:\/\/www.fileurdeverre.fr\/wp-content\/uploads\/2023\/09\/20210214_150528-1024x872.jpg\" alt=\"\" class=\"wp-image-1117\" srcset=\"http:\/\/www.fileurdeverre.fr\/wp-content\/uploads\/2023\/09\/20210214_150528-1024x872.jpg 1024w, http:\/\/www.fileurdeverre.fr\/wp-content\/uploads\/2023\/09\/20210214_150528-300x256.jpg 300w, http:\/\/www.fileurdeverre.fr\/wp-content\/uploads\/2023\/09\/20210214_150528-768x654.jpg 768w, http:\/\/www.fileurdeverre.fr\/wp-content\/uploads\/2023\/09\/20210214_150528-1536x1309.jpg 1536w, http:\/\/www.fileurdeverre.fr\/wp-content\/uploads\/2023\/09\/20210214_150528-2048x1745.jpg 2048w, http:\/\/www.fileurdeverre.fr\/wp-content\/uploads\/2023\/09\/20210214_150528-1200x1022.jpg 1200w, http:\/\/www.fileurdeverre.fr\/wp-content\/uploads\/2023\/09\/20210214_150528-1980x1687.jpg 1980w\" sizes=\"auto, (max-width: 1024px) 100vw, 1024px\" \/><\/a><\/figure>\n\n\n\n<figure class=\"wp-block-image size-large\"><a href=\"http:\/\/www.fileurdeverre.fr\/wp-content\/uploads\/2023\/09\/17.jpg\" target=\"_blank\" rel=\" noreferrer noopener\"><img loading=\"lazy\" decoding=\"async\" width=\"850\" height=\"567\" data-id=\"1106\" src=\"http:\/\/www.fileurdeverre.fr\/wp-content\/uploads\/2023\/09\/17.jpg\" alt=\"\" class=\"wp-image-1106\" srcset=\"http:\/\/www.fileurdeverre.fr\/wp-content\/uploads\/2023\/09\/17.jpg 850w, http:\/\/www.fileurdeverre.fr\/wp-content\/uploads\/2023\/09\/17-300x200.jpg 300w, http:\/\/www.fileurdeverre.fr\/wp-content\/uploads\/2023\/09\/17-768x512.jpg 768w\" sizes=\"auto, (max-width: 850px) 100vw, 850px\" \/><\/a><\/figure>\n\n\n\n<figure class=\"wp-block-image size-large\"><a href=\"http:\/\/www.fileurdeverre.fr\/wp-content\/uploads\/2023\/09\/carte.jpg\" target=\"_blank\" rel=\" noreferrer noopener\"><img loading=\"lazy\" decoding=\"async\" width=\"478\" height=\"472\" data-id=\"1110\" src=\"http:\/\/www.fileurdeverre.fr\/wp-content\/uploads\/2023\/09\/carte.jpg\" alt=\"\" class=\"wp-image-1110\" srcset=\"http:\/\/www.fileurdeverre.fr\/wp-content\/uploads\/2023\/09\/carte.jpg 478w, http:\/\/www.fileurdeverre.fr\/wp-content\/uploads\/2023\/09\/carte-300x296.jpg 300w\" sizes=\"auto, (max-width: 478px) 100vw, 478px\" \/><\/a><figcaption class=\"wp-element-caption\">34270 Vacqui\u00e8res<\/figcaption><\/figure>\n\n\n\n<figure class=\"wp-block-image size-large\"><a href=\"http:\/\/www.fileurdeverre.fr\/wp-content\/uploads\/2023\/09\/20210214_151112-scaled.jpg\" target=\"_blank\" rel=\" noreferrer noopener\"><img loading=\"lazy\" decoding=\"async\" width=\"1024\" height=\"830\" data-id=\"1108\" src=\"http:\/\/www.fileurdeverre.fr\/wp-content\/uploads\/2023\/09\/20210214_151112-1024x830.jpg\" alt=\"\" class=\"wp-image-1108\" srcset=\"http:\/\/www.fileurdeverre.fr\/wp-content\/uploads\/2023\/09\/20210214_151112-1024x830.jpg 1024w, http:\/\/www.fileurdeverre.fr\/wp-content\/uploads\/2023\/09\/20210214_151112-300x243.jpg 300w, http:\/\/www.fileurdeverre.fr\/wp-content\/uploads\/2023\/09\/20210214_151112-768x623.jpg 768w, http:\/\/www.fileurdeverre.fr\/wp-content\/uploads\/2023\/09\/20210214_151112-1536x1245.jpg 1536w, http:\/\/www.fileurdeverre.fr\/wp-content\/uploads\/2023\/09\/20210214_151112-2048x1660.jpg 2048w, http:\/\/www.fileurdeverre.fr\/wp-content\/uploads\/2023\/09\/20210214_151112-1200x973.jpg 1200w, http:\/\/www.fileurdeverre.fr\/wp-content\/uploads\/2023\/09\/20210214_151112-1980x1605.jpg 1980w\" sizes=\"auto, (max-width: 1024px) 100vw, 1024px\" \/><\/a><\/figure>\n\n\n\n<figure class=\"wp-block-image size-large\"><a href=\"http:\/\/www.fileurdeverre.fr\/wp-content\/uploads\/2023\/09\/20210214_150608-scaled.jpg\" target=\"_blank\" rel=\" noreferrer noopener\"><img loading=\"lazy\" decoding=\"async\" width=\"1024\" height=\"768\" data-id=\"1107\" src=\"http:\/\/www.fileurdeverre.fr\/wp-content\/uploads\/2023\/09\/20210214_150608-1024x768.jpg\" alt=\"\" class=\"wp-image-1107\" srcset=\"http:\/\/www.fileurdeverre.fr\/wp-content\/uploads\/2023\/09\/20210214_150608-1024x768.jpg 1024w, http:\/\/www.fileurdeverre.fr\/wp-content\/uploads\/2023\/09\/20210214_150608-300x225.jpg 300w, http:\/\/www.fileurdeverre.fr\/wp-content\/uploads\/2023\/09\/20210214_150608-768x576.jpg 768w, http:\/\/www.fileurdeverre.fr\/wp-content\/uploads\/2023\/09\/20210214_150608-1536x1152.jpg 1536w, http:\/\/www.fileurdeverre.fr\/wp-content\/uploads\/2023\/09\/20210214_150608-2048x1536.jpg 2048w, http:\/\/www.fileurdeverre.fr\/wp-content\/uploads\/2023\/09\/20210214_150608-1200x900.jpg 1200w, http:\/\/www.fileurdeverre.fr\/wp-content\/uploads\/2023\/09\/20210214_150608-1980x1485.jpg 1980w\" sizes=\"auto, (max-width: 1024px) 100vw, 1024px\" \/><\/a><\/figure>\n\n\n\n<figure class=\"wp-block-image size-large\"><a href=\"http:\/\/www.fileurdeverre.fr\/wp-content\/uploads\/2023\/09\/7.jpg\" target=\"_blank\" rel=\" noreferrer noopener\"><img loading=\"lazy\" decoding=\"async\" width=\"850\" height=\"567\" data-id=\"1105\" src=\"http:\/\/www.fileurdeverre.fr\/wp-content\/uploads\/2023\/09\/7.jpg\" alt=\"\" class=\"wp-image-1105\" srcset=\"http:\/\/www.fileurdeverre.fr\/wp-content\/uploads\/2023\/09\/7.jpg 850w, http:\/\/www.fileurdeverre.fr\/wp-content\/uploads\/2023\/09\/7-300x200.jpg 300w, http:\/\/www.fileurdeverre.fr\/wp-content\/uploads\/2023\/09\/7-768x512.jpg 768w\" sizes=\"auto, (max-width: 850px) 100vw, 850px\" \/><\/a><\/figure>\n<\/figure>\n\n\n\n<p class=\"has-text-align-center has-vivid-green-cyan-color has-black-background-color has-text-color has-background\">Il a le plaisir d\u2019effectuer des d\u00e9monstrations de filage du verre aupr\u00e8s du mus\u00e9e de verre de Claret.<\/p>\n\n\n\n<figure class=\"wp-block-image size-large\"><a href=\"http:\/\/www.fileurdeverre.fr\/wp-content\/uploads\/2023\/08\/20210524_160024_003-scaled.jpg\" target=\"_blank\" rel=\" noreferrer noopener\"><img loading=\"lazy\" decoding=\"async\" width=\"1024\" height=\"768\" src=\"http:\/\/www.fileurdeverre.fr\/wp-content\/uploads\/2023\/08\/20210524_160024_003-1024x768.jpg\" alt=\"\" class=\"wp-image-954\" srcset=\"http:\/\/www.fileurdeverre.fr\/wp-content\/uploads\/2023\/08\/20210524_160024_003-1024x768.jpg 1024w, http:\/\/www.fileurdeverre.fr\/wp-content\/uploads\/2023\/08\/20210524_160024_003-300x225.jpg 300w, http:\/\/www.fileurdeverre.fr\/wp-content\/uploads\/2023\/08\/20210524_160024_003-768x576.jpg 768w, http:\/\/www.fileurdeverre.fr\/wp-content\/uploads\/2023\/08\/20210524_160024_003-1536x1152.jpg 1536w, http:\/\/www.fileurdeverre.fr\/wp-content\/uploads\/2023\/08\/20210524_160024_003-2048x1536.jpg 2048w, http:\/\/www.fileurdeverre.fr\/wp-content\/uploads\/2023\/08\/20210524_160024_003-1200x900.jpg 1200w, http:\/\/www.fileurdeverre.fr\/wp-content\/uploads\/2023\/08\/20210524_160024_003-1980x1485.jpg 1980w\" sizes=\"auto, (max-width: 1024px) 100vw, 1024px\" \/><\/a><\/figure>\n\n\n\n<p class=\"has-text-align-center has-vivid-green-cyan-color has-black-background-color has-text-color has-background\">D\u00e9couvrer la grande richesse de la HALLE DU VERRE \u2013 MUS\u00c9E DU VERRE \u00e0 Claret (34270)<\/p>\n\n\n\n<p class=\"has-black-color has-white-background-color has-text-color has-background\"><a href=\"https:\/\/grandpicsaintloup.fr\/vivre-ici\/culture\/halle-du-verre-2-2\/\" target=\"_blank\" rel=\"noreferrer noopener\">https:\/\/grandpicsaintloup.fr\/vivre-ici\/culture\/halle-du-verre-2-2\/<\/a><\/p>\n\n\n\n<p><\/p>\n","protected":false},"excerpt":{"rendered":"<p>Guillaume produit des pi\u00e8ces sur demande dans son atelier de Vacqui\u00e8res. Il a le plaisir d\u2019effectuer des d\u00e9monstrations de filage du verre aupr\u00e8s du mus\u00e9e de verre de Claret. D\u00e9couvrer la grande&hellip;<\/p>\n","protected":false},"author":2,"featured_media":0,"parent":0,"menu_order":0,"comment_status":"closed","ping_status":"closed","template":"","meta":{"footnotes":""},"class_list":["post-1024","page","type-page","status-publish","hentry"],"_links":{"self":[{"href":"http:\/\/www.fileurdeverre.fr\/index.php?rest_route=\/wp\/v2\/pages\/1024","targetHints":{"allow":["GET"]}}],"collection":[{"href":"http:\/\/www.fileurdeverre.fr\/index.php?rest_route=\/wp\/v2\/pages"}],"about":[{"href":"http:\/\/www.fileurdeverre.fr\/index.php?rest_route=\/wp\/v2\/types\/page"}],"author":[{"embeddable":true,"href":"http:\/\/www.fileurdeverre.fr\/index.php?rest_route=\/wp\/v2\/users\/2"}],"replies":[{"embeddable":true,"href":"http:\/\/www.fileurdeverre.fr\/index.php?rest_route=%2Fwp%2Fv2%2Fcomments&post=1024"}],"version-history":[{"count":27,"href":"http:\/\/www.fileurdeverre.fr\/index.php?rest_route=\/wp\/v2\/pages\/1024\/revisions"}],"predecessor-version":[{"id":2122,"href":"http:\/\/www.fileurdeverre.fr\/index.php?rest_route=\/wp\/v2\/pages\/1024\/revisions\/2122"}],"wp:attachment":[{"href":"http:\/\/www.fileurdeverre.fr\/index.php?rest_route=%2Fwp%2Fv2%2Fmedia&parent=1024"}],"curies":[{"name":"wp","href":"https:\/\/api.w.org\/{rel}","templated":true}]}}