{"id":1788,"date":"2025-02-08T15:15:17","date_gmt":"2025-02-08T14:15:17","guid":{"rendered":"http:\/\/www.fileurdeverre.fr\/?page_id=1788"},"modified":"2025-08-03T15:52:54","modified_gmt":"2025-08-03T13:52:54","slug":"creativite-en-mouvement","status":"publish","type":"page","link":"http:\/\/www.fileurdeverre.fr\/?page_id=1788","title":{"rendered":"Cr\u00e9ativit\u00e9 en mouvement"},"content":{"rendered":"\n<div class=\"wp-block-columns is-layout-flex wp-container-core-columns-is-layout-9d6595d7 wp-block-columns-is-layout-flex\">\n<div class=\"wp-block-column is-layout-flow wp-block-column-is-layout-flow\">\n<p class=\"has-vivid-green-cyan-color has-black-background-color has-text-color has-background has-link-color wp-elements-d3a65502a98e1cc6b00df54ffba39a82\">Atelier du verrier <\/p>\n\n\n\n<figure class=\"wp-block-image size-large\"><a href=\"http:\/\/www.fileurdeverre.fr\/?page_id=1024\"><img loading=\"lazy\" decoding=\"async\" width=\"1024\" height=\"872\" src=\"http:\/\/www.fileurdeverre.fr\/wp-content\/uploads\/2023\/09\/20210214_150528-1024x872.jpg\" alt=\"\" class=\"wp-image-1117\" style=\"aspect-ratio:3\/4;object-fit:cover\" srcset=\"http:\/\/www.fileurdeverre.fr\/wp-content\/uploads\/2023\/09\/20210214_150528-1024x872.jpg 1024w, http:\/\/www.fileurdeverre.fr\/wp-content\/uploads\/2023\/09\/20210214_150528-300x256.jpg 300w, http:\/\/www.fileurdeverre.fr\/wp-content\/uploads\/2023\/09\/20210214_150528-768x654.jpg 768w, http:\/\/www.fileurdeverre.fr\/wp-content\/uploads\/2023\/09\/20210214_150528-1536x1309.jpg 1536w, http:\/\/www.fileurdeverre.fr\/wp-content\/uploads\/2023\/09\/20210214_150528-2048x1745.jpg 2048w, http:\/\/www.fileurdeverre.fr\/wp-content\/uploads\/2023\/09\/20210214_150528-1200x1022.jpg 1200w, http:\/\/www.fileurdeverre.fr\/wp-content\/uploads\/2023\/09\/20210214_150528-1980x1687.jpg 1980w\" sizes=\"auto, (max-width: 1024px) 100vw, 1024px\" \/><\/a><\/figure>\n\n\n\n<p class=\"has-vivid-green-cyan-color has-text-color has-link-color wp-elements-8682a697e93ea0884f5cf8e499516b05\">L\u00e0 o\u00f9 les choses prennent forme<\/p>\n<\/div>\n\n\n\n<div class=\"wp-block-column is-layout-flow wp-block-column-is-layout-flow\">\n<p class=\"has-vivid-green-cyan-color has-black-background-color has-text-color has-background has-link-color wp-elements-34d98cedbf96651836211439f142148f\">A propos de Guillaume<\/p>\n\n\n\n<figure class=\"wp-block-image size-large\"><a href=\"http:\/\/www.fileurdeverre.fr\/?page_id=37\"><img loading=\"lazy\" decoding=\"async\" width=\"681\" height=\"1024\" src=\"http:\/\/www.fileurdeverre.fr\/wp-content\/uploads\/2023\/09\/nb-1-681x1024.jpg\" alt=\"\" class=\"wp-image-1614\" style=\"aspect-ratio:3\/4;object-fit:cover\" srcset=\"http:\/\/www.fileurdeverre.fr\/wp-content\/uploads\/2023\/09\/nb-1-681x1024.jpg 681w, http:\/\/www.fileurdeverre.fr\/wp-content\/uploads\/2023\/09\/nb-1-200x300.jpg 200w, http:\/\/www.fileurdeverre.fr\/wp-content\/uploads\/2023\/09\/nb-1-768x1154.jpg 768w, http:\/\/www.fileurdeverre.fr\/wp-content\/uploads\/2023\/09\/nb-1-1022x1536.jpg 1022w, http:\/\/www.fileurdeverre.fr\/wp-content\/uploads\/2023\/09\/nb-1-1363x2048.jpg 1363w, http:\/\/www.fileurdeverre.fr\/wp-content\/uploads\/2023\/09\/nb-1-scaled.jpg 1703w\" sizes=\"auto, (max-width: 681px) 100vw, 681px\" \/><\/a><\/figure>\n\n\n\n<p class=\"has-vivid-green-cyan-color has-text-color has-link-color wp-elements-a34f70f8b96e54ba8367160758906869\">Par qui les choses prennent forme<\/p>\n<\/div>\n\n\n\n<div class=\"wp-block-column is-layout-flow wp-block-column-is-layout-flow\">\n<p class=\"has-vivid-green-cyan-color has-black-background-color has-text-color has-background has-link-color wp-elements-c7e028e2a5f05e354434f1f4572a7b09\">Contact<\/p>\n\n\n\n<figure class=\"wp-block-image size-large\"><a href=\"http:\/\/www.fileurdeverre.fr\/?page_id=38\"><img loading=\"lazy\" decoding=\"async\" width=\"1024\" height=\"869\" src=\"http:\/\/www.fileurdeverre.fr\/wp-content\/uploads\/2023\/09\/P1070907-5-1-1024x869.jpg\" alt=\"\" class=\"wp-image-1615\" style=\"aspect-ratio:3\/4;object-fit:cover\" srcset=\"http:\/\/www.fileurdeverre.fr\/wp-content\/uploads\/2023\/09\/P1070907-5-1-1024x869.jpg 1024w, http:\/\/www.fileurdeverre.fr\/wp-content\/uploads\/2023\/09\/P1070907-5-1-300x255.jpg 300w, http:\/\/www.fileurdeverre.fr\/wp-content\/uploads\/2023\/09\/P1070907-5-1-768x652.jpg 768w, http:\/\/www.fileurdeverre.fr\/wp-content\/uploads\/2023\/09\/P1070907-5-1-1536x1303.jpg 1536w, http:\/\/www.fileurdeverre.fr\/wp-content\/uploads\/2023\/09\/P1070907-5-1-2048x1738.jpg 2048w\" sizes=\"auto, (max-width: 1024px) 100vw, 1024px\" \/><\/a><\/figure>\n\n\n\n<p class=\"has-vivid-green-cyan-color has-text-color has-link-color wp-elements-18e646d7a3ac4dbbe2c6fbc4597b5c7a\">On fait comment ?<\/p>\n<\/div>\n<\/div>\n\n\n\n<div class=\"wp-block-columns is-layout-flex wp-container-core-columns-is-layout-9d6595d7 wp-block-columns-is-layout-flex\">\n<div class=\"wp-block-column is-layout-flow wp-block-column-is-layout-flow\">\n<p class=\"has-vivid-green-cyan-color has-black-background-color has-text-color has-background has-link-color wp-elements-021d54f7465d5fcd5e865d58d92df670\">R\u00e9seaux sociaux<\/p>\n\n\n\n<figure class=\"wp-block-image size-large\"><img loading=\"lazy\" decoding=\"async\" width=\"1024\" height=\"768\" src=\"http:\/\/www.fileurdeverre.fr\/wp-content\/uploads\/2023\/09\/IMG_20230215_161757-2-1-1024x768.jpg\" alt=\"\" class=\"wp-image-1604\" srcset=\"http:\/\/www.fileurdeverre.fr\/wp-content\/uploads\/2023\/09\/IMG_20230215_161757-2-1-1024x768.jpg 1024w, http:\/\/www.fileurdeverre.fr\/wp-content\/uploads\/2023\/09\/IMG_20230215_161757-2-1-300x225.jpg 300w, http:\/\/www.fileurdeverre.fr\/wp-content\/uploads\/2023\/09\/IMG_20230215_161757-2-1-768x576.jpg 768w, http:\/\/www.fileurdeverre.fr\/wp-content\/uploads\/2023\/09\/IMG_20230215_161757-2-1-1536x1152.jpg 1536w, http:\/\/www.fileurdeverre.fr\/wp-content\/uploads\/2023\/09\/IMG_20230215_161757-2-1-2048x1536.jpg 2048w\" sizes=\"auto, (max-width: 1024px) 100vw, 1024px\" \/><\/figure>\n<\/div>\n<\/div>\n","protected":false},"excerpt":{"rendered":"<p>Atelier du verrier L\u00e0 o\u00f9 les choses prennent forme A propos de Guillaume Par qui les choses prennent forme Contact On fait comment ? R\u00e9seaux sociaux<\/p>\n","protected":false},"author":2,"featured_media":0,"parent":0,"menu_order":0,"comment_status":"closed","ping_status":"closed","template":"","meta":{"footnotes":""},"class_list":["post-1788","page","type-page","status-publish","hentry"],"_links":{"self":[{"href":"http:\/\/www.fileurdeverre.fr\/index.php?rest_route=\/wp\/v2\/pages\/1788","targetHints":{"allow":["GET"]}}],"collection":[{"href":"http:\/\/www.fileurdeverre.fr\/index.php?rest_route=\/wp\/v2\/pages"}],"about":[{"href":"http:\/\/www.fileurdeverre.fr\/index.php?rest_route=\/wp\/v2\/types\/page"}],"author":[{"embeddable":true,"href":"http:\/\/www.fileurdeverre.fr\/index.php?rest_route=\/wp\/v2\/users\/2"}],"replies":[{"embeddable":true,"href":"http:\/\/www.fileurdeverre.fr\/index.php?rest_route=%2Fwp%2Fv2%2Fcomments&post=1788"}],"version-history":[{"count":30,"href":"http:\/\/www.fileurdeverre.fr\/index.php?rest_route=\/wp\/v2\/pages\/1788\/revisions"}],"predecessor-version":[{"id":2121,"href":"http:\/\/www.fileurdeverre.fr\/index.php?rest_route=\/wp\/v2\/pages\/1788\/revisions\/2121"}],"wp:attachment":[{"href":"http:\/\/www.fileurdeverre.fr\/index.php?rest_route=%2Fwp%2Fv2%2Fmedia&parent=1788"}],"curies":[{"name":"wp","href":"https:\/\/api.w.org\/{rel}","templated":true}]}}