{"id":38,"date":"2017-01-11T18:43:56","date_gmt":"2017-01-11T17:43:56","guid":{"rendered":"http:\/\/l-i-magie-verre.fr\/?page_id=38"},"modified":"2025-02-09T16:00:11","modified_gmt":"2025-02-09T15:00:11","slug":"contact","status":"publish","type":"page","link":"http:\/\/www.fileurdeverre.fr\/?page_id=38","title":{"rendered":"Contact &#038; commandes"},"content":{"rendered":"<div class=\"wp-block-image\">\n<figure class=\"aligncenter size-large is-resized\"><img loading=\"lazy\" decoding=\"async\" width=\"769\" height=\"1024\" src=\"http:\/\/www.fileurdeverre.fr\/wp-content\/uploads\/2020\/10\/20200909_140345-769x1024.jpg\" alt=\"\" class=\"wp-image-643\" style=\"width:150px;height:200px\" srcset=\"http:\/\/www.fileurdeverre.fr\/wp-content\/uploads\/2020\/10\/20200909_140345-769x1024.jpg 769w, http:\/\/www.fileurdeverre.fr\/wp-content\/uploads\/2020\/10\/20200909_140345-225x300.jpg 225w, http:\/\/www.fileurdeverre.fr\/wp-content\/uploads\/2020\/10\/20200909_140345-768x1023.jpg 768w, http:\/\/www.fileurdeverre.fr\/wp-content\/uploads\/2020\/10\/20200909_140345-1153x1536.jpg 1153w, http:\/\/www.fileurdeverre.fr\/wp-content\/uploads\/2020\/10\/20200909_140345-1537x2048.jpg 1537w, http:\/\/www.fileurdeverre.fr\/wp-content\/uploads\/2020\/10\/20200909_140345-scaled.jpg 1922w\" sizes=\"auto, (max-width: 769px) 100vw, 769px\" \/><\/figure>\n<\/div>\n\n\n<p class=\"has-vivid-green-cyan-color has-black-background-color has-text-color has-background has-normal-font-size\"><strong><em>L<\/em>&#8216;atelier<\/strong> est situ\u00e9 en face de la mairie, au coeur de Vacqui\u00e8res<br>Mail : guillaume@fileurdeverre.fr<br> Tel :&nbsp;&nbsp; 06&nbsp; 73&nbsp; 78&nbsp; 22&nbsp; 50<\/p>\n\n\n\n<p class=\"has-vivid-green-cyan-color has-black-background-color has-text-color has-background has-normal-font-size\"><strong>Comment commander<\/strong><br> Chaque imagination est unique, chaque oeuvre est unique.<br> Expliquez votre projet par t\u00e9l\u00e9phone ou par mail<br> et nous verrons ensemble les modalit\u00e9s de commande, de paiement et de livraison.<\/p>\n\n\n\n<p class=\"has-vivid-green-cyan-color has-black-background-color has-text-color has-background has-small-font-size\">C&#8217;est bon \u00e0 savoir :<br>Les figurines sont naturellement fragile. C&#8217;est pourquoi, le transport est confi\u00e9 \u00e0 un transporteur capable de prendre soin des colis. En plus l&#8217;emballage est soign\u00e9 pour prot\u00e9ger au mieux les \u00e9l\u00e9ments. Le co\u00fbt varie en fonction du poids et du lieu de livraison et ne peut \u00eatre forfaitaire.<\/p>\n","protected":false},"excerpt":{"rendered":"<p>L&#8216;atelier est situ\u00e9 en face de la mairie, au coeur de Vacqui\u00e8resMail : guillaume@fileurdeverre.fr Tel :&nbsp;&nbsp; 06&nbsp; 73&nbsp; 78&nbsp; 22&nbsp; 50 Comment commander Chaque imagination est unique, chaque oeuvre est unique. Expliquez&hellip;<\/p>\n","protected":false},"author":1,"featured_media":0,"parent":0,"menu_order":0,"comment_status":"closed","ping_status":"closed","template":"","meta":{"footnotes":""},"class_list":["post-38","page","type-page","status-publish","hentry"],"_links":{"self":[{"href":"http:\/\/www.fileurdeverre.fr\/index.php?rest_route=\/wp\/v2\/pages\/38","targetHints":{"allow":["GET"]}}],"collection":[{"href":"http:\/\/www.fileurdeverre.fr\/index.php?rest_route=\/wp\/v2\/pages"}],"about":[{"href":"http:\/\/www.fileurdeverre.fr\/index.php?rest_route=\/wp\/v2\/types\/page"}],"author":[{"embeddable":true,"href":"http:\/\/www.fileurdeverre.fr\/index.php?rest_route=\/wp\/v2\/users\/1"}],"replies":[{"embeddable":true,"href":"http:\/\/www.fileurdeverre.fr\/index.php?rest_route=%2Fwp%2Fv2%2Fcomments&post=38"}],"version-history":[{"count":45,"href":"http:\/\/www.fileurdeverre.fr\/index.php?rest_route=\/wp\/v2\/pages\/38\/revisions"}],"predecessor-version":[{"id":2011,"href":"http:\/\/www.fileurdeverre.fr\/index.php?rest_route=\/wp\/v2\/pages\/38\/revisions\/2011"}],"wp:attachment":[{"href":"http:\/\/www.fileurdeverre.fr\/index.php?rest_route=%2Fwp%2Fv2%2Fmedia&parent=38"}],"curies":[{"name":"wp","href":"https:\/\/api.w.org\/{rel}","templated":true}]}}