{"id":799,"date":"2023-08-13T09:33:22","date_gmt":"2023-08-13T07:33:22","guid":{"rendered":"http:\/\/www.fileurdeverre.fr\/?page_id=799"},"modified":"2025-08-03T15:40:03","modified_gmt":"2025-08-03T13:40:03","slug":"pagebestioles","status":"publish","type":"page","link":"http:\/\/www.fileurdeverre.fr\/?page_id=799","title":{"rendered":"Les bestioles"},"content":{"rendered":"\n<div class=\"wp-block-media-text is-stacked-on-mobile\" style=\"grid-template-columns:24% auto\"><figure class=\"wp-block-media-text__media\"><a href=\"http:\/\/www.fileurdeverre.fr\/wp-content\/uploads\/2023\/09\/IMG_20230502_111458-scaled.jpg\" target=\"_blank\" rel=\" noreferrer noopener\"><img loading=\"lazy\" decoding=\"async\" width=\"838\" height=\"1024\" src=\"http:\/\/www.fileurdeverre.fr\/wp-content\/uploads\/2023\/09\/IMG_20230502_111458-838x1024.jpg\" alt=\"\" class=\"wp-image-1605 size-full\" srcset=\"http:\/\/www.fileurdeverre.fr\/wp-content\/uploads\/2023\/09\/IMG_20230502_111458-838x1024.jpg 838w, http:\/\/www.fileurdeverre.fr\/wp-content\/uploads\/2023\/09\/IMG_20230502_111458-245x300.jpg 245w, http:\/\/www.fileurdeverre.fr\/wp-content\/uploads\/2023\/09\/IMG_20230502_111458-768x939.jpg 768w, http:\/\/www.fileurdeverre.fr\/wp-content\/uploads\/2023\/09\/IMG_20230502_111458-1256x1536.jpg 1256w, http:\/\/www.fileurdeverre.fr\/wp-content\/uploads\/2023\/09\/IMG_20230502_111458-1675x2048.jpg 1675w\" sizes=\"auto, (max-width: 838px) 100vw, 838px\" \/><\/a><\/figure><div class=\"wp-block-media-text__content\">\n<p class=\"has-vivid-green-cyan-color has-black-background-color has-text-color has-background has-link-color wp-elements-abcece983873a0dc8f355aaf90506d60\">La reproduction en verre de dessins d&#8217;enfants est l&#8217;activit\u00e9 historique du verrier. <br>Art na\u00eff pour l&#8217;imaginaire enfantin. De quoi \u00e9merveiller leurs regards.<\/p>\n<\/div><\/div>\n\n\n\n<div class=\"wp-block-media-text is-stacked-on-mobile\" style=\"grid-template-columns:31% auto\"><figure class=\"wp-block-media-text__media\"><a href=\"http:\/\/www.fileurdeverre.fr\/wp-content\/uploads\/2025\/08\/2025-08-01_144847.jpg\" target=\"_blank\" rel=\" noreferrer noopener\"><img loading=\"lazy\" decoding=\"async\" width=\"432\" height=\"653\" src=\"http:\/\/www.fileurdeverre.fr\/wp-content\/uploads\/2025\/08\/2025-08-01_144847.jpg\" alt=\"\" class=\"wp-image-2061 size-full\" srcset=\"http:\/\/www.fileurdeverre.fr\/wp-content\/uploads\/2025\/08\/2025-08-01_144847.jpg 432w, http:\/\/www.fileurdeverre.fr\/wp-content\/uploads\/2025\/08\/2025-08-01_144847-198x300.jpg 198w\" sizes=\"auto, (max-width: 432px) 100vw, 432px\" \/><\/a><\/figure><div class=\"wp-block-media-text__content\">\n<p class=\"has-black-color has-cyan-bluish-gray-background-color has-text-color has-background has-link-color wp-elements-84e77f55df9ee961245c2158b31d1e82\">Comment \u00e7a marche ? <br>Demandez \u00e0 votre petit-enfant ou enfant-ch\u00e9ri quelles s\u00e9ries TV il regarde, quels sont les h\u00e9ros de son enfance. Proposez-lui de dessiner un animal ou un personnage n\u00e9 de son imagination. <br>Le verrier y ajoutera sa propre imagination pour cr\u00e9er une oeuvre unique qui ravira toute la famille.<\/p>\n<\/div><\/div>\n\n\n\n<h2 class=\"wp-block-heading has-text-align-center has-vivid-green-cyan-color has-black-background-color has-text-color has-background has-medium-font-size\">Les compositions de bestioles<\/h2>\n\n\n\n<div class=\"wp-block-columns are-vertically-aligned-center is-layout-flex wp-container-core-columns-is-layout-9d6595d7 wp-block-columns-is-layout-flex\">\n<div class=\"wp-block-column is-vertically-aligned-center is-layout-flow wp-block-column-is-layout-flow\">\n<figure class=\"wp-block-image size-large\"><a href=\"http:\/\/www.fileurdeverre.fr\/wp-content\/uploads\/2023\/09\/IMG_20230906_115337-scaled.jpg\" target=\"_blank\" rel=\" noreferrer noopener\"><img loading=\"lazy\" decoding=\"async\" width=\"1024\" height=\"873\" src=\"http:\/\/www.fileurdeverre.fr\/wp-content\/uploads\/2023\/09\/IMG_20230906_115337-1024x873.jpg\" alt=\"\" class=\"wp-image-1492\" style=\"aspect-ratio:1;object-fit:cover\" srcset=\"http:\/\/www.fileurdeverre.fr\/wp-content\/uploads\/2023\/09\/IMG_20230906_115337-1024x873.jpg 1024w, http:\/\/www.fileurdeverre.fr\/wp-content\/uploads\/2023\/09\/IMG_20230906_115337-300x256.jpg 300w, http:\/\/www.fileurdeverre.fr\/wp-content\/uploads\/2023\/09\/IMG_20230906_115337-768x655.jpg 768w, http:\/\/www.fileurdeverre.fr\/wp-content\/uploads\/2023\/09\/IMG_20230906_115337-1536x1310.jpg 1536w, http:\/\/www.fileurdeverre.fr\/wp-content\/uploads\/2023\/09\/IMG_20230906_115337-2048x1746.jpg 2048w, http:\/\/www.fileurdeverre.fr\/wp-content\/uploads\/2023\/09\/IMG_20230906_115337-1200x1023.jpg 1200w, http:\/\/www.fileurdeverre.fr\/wp-content\/uploads\/2023\/09\/IMG_20230906_115337-1980x1688.jpg 1980w\" sizes=\"auto, (max-width: 1024px) 100vw, 1024px\" \/><\/a><\/figure>\n<\/div>\n\n\n\n<div class=\"wp-block-column is-vertically-aligned-center is-layout-flow wp-block-column-is-layout-flow\">\n<figure class=\"wp-block-image size-full is-resized\"><a href=\"http:\/\/www.fileurdeverre.fr\/wp-content\/uploads\/2023\/09\/IMG_20230906_115019-scaled.jpg\" target=\"_blank\" rel=\" noreferrer noopener\"><img loading=\"lazy\" decoding=\"async\" width=\"2560\" height=\"1920\" src=\"http:\/\/www.fileurdeverre.fr\/wp-content\/uploads\/2023\/09\/IMG_20230906_115019-scaled.jpg\" alt=\"\" class=\"wp-image-1494\" style=\"aspect-ratio:1;object-fit:cover;width:519px\" srcset=\"http:\/\/www.fileurdeverre.fr\/wp-content\/uploads\/2023\/09\/IMG_20230906_115019-scaled.jpg 2560w, http:\/\/www.fileurdeverre.fr\/wp-content\/uploads\/2023\/09\/IMG_20230906_115019-300x225.jpg 300w, http:\/\/www.fileurdeverre.fr\/wp-content\/uploads\/2023\/09\/IMG_20230906_115019-1024x768.jpg 1024w, http:\/\/www.fileurdeverre.fr\/wp-content\/uploads\/2023\/09\/IMG_20230906_115019-768x576.jpg 768w, http:\/\/www.fileurdeverre.fr\/wp-content\/uploads\/2023\/09\/IMG_20230906_115019-1536x1152.jpg 1536w, http:\/\/www.fileurdeverre.fr\/wp-content\/uploads\/2023\/09\/IMG_20230906_115019-2048x1536.jpg 2048w, http:\/\/www.fileurdeverre.fr\/wp-content\/uploads\/2023\/09\/IMG_20230906_115019-1200x900.jpg 1200w, http:\/\/www.fileurdeverre.fr\/wp-content\/uploads\/2023\/09\/IMG_20230906_115019-1980x1485.jpg 1980w\" sizes=\"auto, (max-width: 2560px) 100vw, 2560px\" \/><\/a><\/figure>\n<\/div>\n<\/div>\n\n\n\n<h2 class=\"wp-block-heading has-text-align-center has-vivid-green-cyan-color has-black-background-color has-text-color has-background has-medium-font-size\">Les bestioles<\/h2>\n\n\n\n<div class=\"wp-block-columns are-vertically-aligned-center is-layout-flex wp-container-core-columns-is-layout-9d6595d7 wp-block-columns-is-layout-flex\">\n<div class=\"wp-block-column is-vertically-aligned-center is-layout-flow wp-block-column-is-layout-flow\">\n<figure class=\"wp-block-image size-large is-style-default\"><a href=\"http:\/\/www.fileurdeverre.fr\/wp-content\/uploads\/2023\/09\/IMG_20230907_110314.jpg\" target=\"_blank\" rel=\" noreferrer noopener\"><img loading=\"lazy\" decoding=\"async\" width=\"1024\" height=\"707\" src=\"http:\/\/www.fileurdeverre.fr\/wp-content\/uploads\/2023\/09\/IMG_20230907_110314-1024x707.jpg\" alt=\"\" class=\"wp-image-1059\" style=\"aspect-ratio:1;object-fit:cover\" srcset=\"http:\/\/www.fileurdeverre.fr\/wp-content\/uploads\/2023\/09\/IMG_20230907_110314-1024x707.jpg 1024w, http:\/\/www.fileurdeverre.fr\/wp-content\/uploads\/2023\/09\/IMG_20230907_110314-300x207.jpg 300w, http:\/\/www.fileurdeverre.fr\/wp-content\/uploads\/2023\/09\/IMG_20230907_110314-768x530.jpg 768w, http:\/\/www.fileurdeverre.fr\/wp-content\/uploads\/2023\/09\/IMG_20230907_110314-1536x1060.jpg 1536w, http:\/\/www.fileurdeverre.fr\/wp-content\/uploads\/2023\/09\/IMG_20230907_110314-1200x828.jpg 1200w, http:\/\/www.fileurdeverre.fr\/wp-content\/uploads\/2023\/09\/IMG_20230907_110314.jpg 1802w\" sizes=\"auto, (max-width: 1024px) 100vw, 1024px\" \/><\/a><\/figure>\n<\/div>\n\n\n\n<div class=\"wp-block-column is-vertically-aligned-center is-layout-flow wp-block-column-is-layout-flow\">\n<figure class=\"wp-block-image size-large is-style-default\"><a href=\"http:\/\/www.fileurdeverre.fr\/wp-content\/uploads\/2023\/09\/IMG_20221111_140933-scaled.jpg\" target=\"_blank\" rel=\" noreferrer noopener\"><img loading=\"lazy\" decoding=\"async\" width=\"1024\" height=\"650\" src=\"http:\/\/www.fileurdeverre.fr\/wp-content\/uploads\/2023\/09\/IMG_20221111_140933-1024x650.jpg\" alt=\"\" class=\"wp-image-1057\" style=\"aspect-ratio:1;object-fit:cover\" srcset=\"http:\/\/www.fileurdeverre.fr\/wp-content\/uploads\/2023\/09\/IMG_20221111_140933-1024x650.jpg 1024w, http:\/\/www.fileurdeverre.fr\/wp-content\/uploads\/2023\/09\/IMG_20221111_140933-300x190.jpg 300w, http:\/\/www.fileurdeverre.fr\/wp-content\/uploads\/2023\/09\/IMG_20221111_140933-768x487.jpg 768w, http:\/\/www.fileurdeverre.fr\/wp-content\/uploads\/2023\/09\/IMG_20221111_140933-1536x975.jpg 1536w, http:\/\/www.fileurdeverre.fr\/wp-content\/uploads\/2023\/09\/IMG_20221111_140933-2048x1299.jpg 2048w, http:\/\/www.fileurdeverre.fr\/wp-content\/uploads\/2023\/09\/IMG_20221111_140933-1200x761.jpg 1200w, http:\/\/www.fileurdeverre.fr\/wp-content\/uploads\/2023\/09\/IMG_20221111_140933-1980x1256.jpg 1980w\" sizes=\"auto, (max-width: 1024px) 100vw, 1024px\" \/><\/a><\/figure>\n<\/div>\n\n\n\n<div class=\"wp-block-column is-vertically-aligned-center is-layout-flow wp-block-column-is-layout-flow\">\n<figure class=\"wp-block-image size-large\"><a href=\"http:\/\/www.fileurdeverre.fr\/wp-content\/uploads\/2023\/09\/IMG_20221111_141047-scaled.jpg\" target=\"_blank\" rel=\" noreferrer noopener\"><img loading=\"lazy\" decoding=\"async\" width=\"1024\" height=\"397\" src=\"http:\/\/www.fileurdeverre.fr\/wp-content\/uploads\/2023\/09\/IMG_20221111_141047-1024x397.jpg\" alt=\"\" class=\"wp-image-1058\" style=\"aspect-ratio:1;object-fit:cover\" srcset=\"http:\/\/www.fileurdeverre.fr\/wp-content\/uploads\/2023\/09\/IMG_20221111_141047-1024x397.jpg 1024w, http:\/\/www.fileurdeverre.fr\/wp-content\/uploads\/2023\/09\/IMG_20221111_141047-300x116.jpg 300w, http:\/\/www.fileurdeverre.fr\/wp-content\/uploads\/2023\/09\/IMG_20221111_141047-768x298.jpg 768w, http:\/\/www.fileurdeverre.fr\/wp-content\/uploads\/2023\/09\/IMG_20221111_141047-1536x596.jpg 1536w, http:\/\/www.fileurdeverre.fr\/wp-content\/uploads\/2023\/09\/IMG_20221111_141047-2048x795.jpg 2048w, http:\/\/www.fileurdeverre.fr\/wp-content\/uploads\/2023\/09\/IMG_20221111_141047-1200x466.jpg 1200w, http:\/\/www.fileurdeverre.fr\/wp-content\/uploads\/2023\/09\/IMG_20221111_141047-1980x768.jpg 1980w\" sizes=\"auto, (max-width: 1024px) 100vw, 1024px\" \/><\/a><\/figure>\n<\/div>\n<\/div>\n\n\n\n<div class=\"wp-block-columns are-vertically-aligned-center is-layout-flex wp-container-core-columns-is-layout-9d6595d7 wp-block-columns-is-layout-flex\">\n<div class=\"wp-block-column is-vertically-aligned-center is-layout-flow wp-block-column-is-layout-flow\">\n<figure class=\"wp-block-image size-large\"><a href=\"http:\/\/www.fileurdeverre.fr\/wp-content\/uploads\/2023\/09\/IMG_20220911_174404-scaled.jpg\" target=\"_blank\" rel=\" noreferrer noopener\"><img loading=\"lazy\" decoding=\"async\" width=\"1024\" height=\"824\" src=\"http:\/\/www.fileurdeverre.fr\/wp-content\/uploads\/2023\/09\/IMG_20220911_174404-1024x824.jpg\" alt=\"\" class=\"wp-image-1056\" style=\"aspect-ratio:1;object-fit:cover\" srcset=\"http:\/\/www.fileurdeverre.fr\/wp-content\/uploads\/2023\/09\/IMG_20220911_174404-1024x824.jpg 1024w, http:\/\/www.fileurdeverre.fr\/wp-content\/uploads\/2023\/09\/IMG_20220911_174404-300x242.jpg 300w, http:\/\/www.fileurdeverre.fr\/wp-content\/uploads\/2023\/09\/IMG_20220911_174404-768x618.jpg 768w, http:\/\/www.fileurdeverre.fr\/wp-content\/uploads\/2023\/09\/IMG_20220911_174404-1536x1237.jpg 1536w, http:\/\/www.fileurdeverre.fr\/wp-content\/uploads\/2023\/09\/IMG_20220911_174404-2048x1649.jpg 2048w, http:\/\/www.fileurdeverre.fr\/wp-content\/uploads\/2023\/09\/IMG_20220911_174404-1200x966.jpg 1200w, http:\/\/www.fileurdeverre.fr\/wp-content\/uploads\/2023\/09\/IMG_20220911_174404-1980x1594.jpg 1980w\" sizes=\"auto, (max-width: 1024px) 100vw, 1024px\" \/><\/a><\/figure>\n<\/div>\n\n\n\n<div class=\"wp-block-column is-vertically-aligned-center is-layout-flow wp-block-column-is-layout-flow\">\n<figure class=\"wp-block-image size-large is-style-default\"><a href=\"http:\/\/www.fileurdeverre.fr\/wp-content\/uploads\/2023\/09\/IMG_20220911_174323-scaled.jpg\" target=\"_blank\" rel=\" noreferrer noopener\"><img loading=\"lazy\" decoding=\"async\" width=\"1024\" height=\"768\" src=\"http:\/\/www.fileurdeverre.fr\/wp-content\/uploads\/2023\/09\/IMG_20220911_174323-1024x768.jpg\" alt=\"\" class=\"wp-image-1055\" style=\"aspect-ratio:1;object-fit:cover\" srcset=\"http:\/\/www.fileurdeverre.fr\/wp-content\/uploads\/2023\/09\/IMG_20220911_174323-1024x768.jpg 1024w, http:\/\/www.fileurdeverre.fr\/wp-content\/uploads\/2023\/09\/IMG_20220911_174323-300x225.jpg 300w, http:\/\/www.fileurdeverre.fr\/wp-content\/uploads\/2023\/09\/IMG_20220911_174323-768x576.jpg 768w, http:\/\/www.fileurdeverre.fr\/wp-content\/uploads\/2023\/09\/IMG_20220911_174323-1536x1152.jpg 1536w, http:\/\/www.fileurdeverre.fr\/wp-content\/uploads\/2023\/09\/IMG_20220911_174323-2048x1536.jpg 2048w, http:\/\/www.fileurdeverre.fr\/wp-content\/uploads\/2023\/09\/IMG_20220911_174323-1200x900.jpg 1200w, http:\/\/www.fileurdeverre.fr\/wp-content\/uploads\/2023\/09\/IMG_20220911_174323-1980x1485.jpg 1980w\" sizes=\"auto, (max-width: 1024px) 100vw, 1024px\" \/><\/a><\/figure>\n<\/div>\n\n\n\n<div class=\"wp-block-column is-vertically-aligned-center is-layout-flow wp-block-column-is-layout-flow\">\n<figure class=\"wp-block-image size-large\"><a href=\"http:\/\/www.fileurdeverre.fr\/wp-content\/uploads\/2023\/09\/IMG_20220911_174234-scaled.jpg\" target=\"_blank\" rel=\" noreferrer noopener\"><img loading=\"lazy\" decoding=\"async\" width=\"1024\" height=\"989\" src=\"http:\/\/www.fileurdeverre.fr\/wp-content\/uploads\/2023\/09\/IMG_20220911_174234-1024x989.jpg\" alt=\"\" class=\"wp-image-1054\" style=\"aspect-ratio:1;object-fit:cover\" srcset=\"http:\/\/www.fileurdeverre.fr\/wp-content\/uploads\/2023\/09\/IMG_20220911_174234-1024x989.jpg 1024w, http:\/\/www.fileurdeverre.fr\/wp-content\/uploads\/2023\/09\/IMG_20220911_174234-300x290.jpg 300w, http:\/\/www.fileurdeverre.fr\/wp-content\/uploads\/2023\/09\/IMG_20220911_174234-768x742.jpg 768w, http:\/\/www.fileurdeverre.fr\/wp-content\/uploads\/2023\/09\/IMG_20220911_174234-1536x1484.jpg 1536w, http:\/\/www.fileurdeverre.fr\/wp-content\/uploads\/2023\/09\/IMG_20220911_174234-2048x1979.jpg 2048w, http:\/\/www.fileurdeverre.fr\/wp-content\/uploads\/2023\/09\/IMG_20220911_174234-1200x1159.jpg 1200w, http:\/\/www.fileurdeverre.fr\/wp-content\/uploads\/2023\/09\/IMG_20220911_174234-1980x1913.jpg 1980w\" sizes=\"auto, (max-width: 1024px) 100vw, 1024px\" \/><\/a><\/figure>\n<\/div>\n<\/div>\n\n\n\n<p class=\"has-black-color has-cyan-bluish-gray-background-color has-text-color has-background\">C&#8217;est bon \u00e0 savoir :<br>Une pi\u00e8ce a une hauteur de l&#8217;ordre de 10cm et une valeur de quelque 10\u20ac.  Le co\u00fbt r\u00e9el sera \u00e9valu\u00e9 par le verrier sur pr\u00e9sentation du dessin de l&#8217;enfant. Ces figurines sont vendues par lot de 5 \u00e9l\u00e9ments.<\/p>\n\n\n\n<p><\/p>\n","protected":false},"excerpt":{"rendered":"<p>La reproduction en verre de dessins d&#8217;enfants est l&#8217;activit\u00e9 historique du verrier. Art na\u00eff pour l&#8217;imaginaire enfantin. De quoi \u00e9merveiller leurs regards. Comment \u00e7a marche ? Demandez \u00e0 votre petit-enfant ou enfant-ch\u00e9ri&hellip;<\/p>\n","protected":false},"author":2,"featured_media":0,"parent":0,"menu_order":0,"comment_status":"closed","ping_status":"closed","template":"","meta":{"footnotes":""},"class_list":["post-799","page","type-page","status-publish","hentry"],"_links":{"self":[{"href":"http:\/\/www.fileurdeverre.fr\/index.php?rest_route=\/wp\/v2\/pages\/799","targetHints":{"allow":["GET"]}}],"collection":[{"href":"http:\/\/www.fileurdeverre.fr\/index.php?rest_route=\/wp\/v2\/pages"}],"about":[{"href":"http:\/\/www.fileurdeverre.fr\/index.php?rest_route=\/wp\/v2\/types\/page"}],"author":[{"embeddable":true,"href":"http:\/\/www.fileurdeverre.fr\/index.php?rest_route=\/wp\/v2\/users\/2"}],"replies":[{"embeddable":true,"href":"http:\/\/www.fileurdeverre.fr\/index.php?rest_route=%2Fwp%2Fv2%2Fcomments&post=799"}],"version-history":[{"count":89,"href":"http:\/\/www.fileurdeverre.fr\/index.php?rest_route=\/wp\/v2\/pages\/799\/revisions"}],"predecessor-version":[{"id":2113,"href":"http:\/\/www.fileurdeverre.fr\/index.php?rest_route=\/wp\/v2\/pages\/799\/revisions\/2113"}],"wp:attachment":[{"href":"http:\/\/www.fileurdeverre.fr\/index.php?rest_route=%2Fwp%2Fv2%2Fmedia&parent=799"}],"curies":[{"name":"wp","href":"https:\/\/api.w.org\/{rel}","templated":true}]}}